{"id":450,"date":"2022-04-01T11:08:36","date_gmt":"2022-04-01T11:08:36","guid":{"rendered":"https:\/\/www.castellana42.com\/?page_id=450"},"modified":"2022-04-20T17:24:08","modified_gmt":"2022-04-20T17:24:08","slug":"aviso-legal","status":"publish","type":"page","link":"https:\/\/www.castellana42.com\/index.php\/aviso-legal\/","title":{"rendered":"Aviso legal"},"content":{"rendered":"\n<p class=\"has-large-font-size\">Aviso legal<\/p>\n\n\n\n<p>En el presente documento se establecen las condiciones generales que rigen el acceso a este sitio web, la navegaci\u00f3n a trav\u00e9s del sitio web y el uso del contenido que ofrece.<\/p>\n\n\n\n<p>La informaci\u00f3n contenida en este sitio web se refiere a los servicios ofrecidos por Alba Patrimonio Inmobiliario S.A.U. Dicha informaci\u00f3n no constituye ninguna oferta vinculante que obligue al usuario a contratar nuestros servicios y el contenido del sitio se ofrece para fines de informaci\u00f3n general, por lo que podr\u00eda no ser suficiente para adoptar una decisi\u00f3n personal o empresarial. Alba Patrimonio Inmobiliario S.A.U. no tiene ninguna obligaci\u00f3n de acreditar la veracidad, la precisi\u00f3n, la adecuaci\u00f3n, la exhaustividad ni la vigencia del contenido. Alba Patrimonio Inmobiliario S.A.U.  se reserva el derecho de modificar la informaci\u00f3n aqu\u00ed incluida siempre que lo estime oportuno y sin previo aviso, declinando toda responsabilidad por la precisi\u00f3n, insuficiencia o autenticidad de la informaci\u00f3n proporcionada.<\/p>\n\n\n\n<p>Asimismo, se reserva el derecho de modificar el contenido del presente aviso legal. En consecuencia, el usuario debe leer detenidamente el presente documento cada vez que tenga intenci\u00f3n de utilizar el sitio web, puesto que sus condiciones de uso pueden haber sido modificadas.<\/p>\n\n\n\n<p>La prestaci\u00f3n del servicio de este sitio web no est\u00e1 limitada al momento en que el usuario est\u00e1 conectado al sitio web o a alguno de los servicios ofrecidos a trav\u00e9s del sitio.<\/p>\n\n\n\n<h3 class=\"wp-block-heading\">CONDICIONES DE USO DEL SITIO WEB<\/h3>\n\n\n\n<p>Toda persona que accede al sitio web, navega por \u00e9l o lo utiliza es un usuario. El usuario acepta \u00edntegramente y sin reservas las condiciones incluidas en este aviso legal.<\/p>\n\n\n\n<p>El usuario se obliga a utilizar el sitio web y sus servicios y contenidos respetando la legalidad, las disposiciones reglamentarias vigentes, las pr\u00e1cticas generalmente aceptadas, la buena fe y el orden p\u00fablico.<\/p>\n\n\n\n<p>El usuario se compromete a abstenerse de cualesquiera acciones que puedan causar un perjuicio al sitio web, inutilizarlo, sobrecargarlo, deteriorarlo en cualquier sentido o impedir el libre acceso, uso y disfrute del sitio web a otros usuarios.<\/p>\n\n\n\n<h3 class=\"wp-block-heading\">PROPIEDAD INTELECTUAL Y USO DE LOS CONTENIDOS<\/h3>\n\n\n\n<p>Alba Patrimonio Inmobiliario S.A.U. es el titular de los derechos de propiedad intelectual e industrial de este sitio web y de todos sus contenidos (incluidos, entre otros, textos, fotograf\u00edas y otro contenido audiovisual, software, dise\u00f1o gr\u00e1fico, etc.) o posee la correspondiente licencia o autorizaci\u00f3n de uso. El acceso a todo ello por parte del usuario mediante navegaci\u00f3n a trav\u00e9s de este sitio web no implica en ning\u00fan caso renuncia, transmisi\u00f3n, licencia ni cesi\u00f3n total ni parcial de dichos contenidos.<\/p>\n\n\n\n<p>Se proh\u00edben la reproducci\u00f3n, la modificaci\u00f3n, la explotaci\u00f3n, la comunicaci\u00f3n p\u00fablica, la carga de archivos, el env\u00edo por correo electr\u00f3nico, la transmisi\u00f3n, el uso, el tratamiento y la distribuci\u00f3n por cualquier medio de la totalidad o parte de los contenidos incluidos en este sitio web para fines p\u00fablicos o comerciales, salvo autorizaci\u00f3n previa y por escrito de Alba Patrimonio Inmobiliario S.A.U. <\/p>\n\n\n\n<p>El logotipo es propiedad de Alba Patrimonio Inmobiliario S.A.U.  Se proh\u00edbe terminantemente reproducirlo y utilizarlo, salvo autorizaci\u00f3n previa y por escrito de su titular.<\/p>\n\n\n\n<h3 class=\"wp-block-heading\">ENLACES<\/h3>\n\n\n\n<p><strong>ENLACES A SITIOS WEB EXTERNOS<\/strong><\/p>\n\n\n\n<p>Alba Patrimonio Inmobiliario S.A.U. declina toda responsabilidad por cualquier informaci\u00f3n ofrecida en Internet que no haya sido creada Alba Patrimonio Inmobiliario S.A.U.  o publicada con su nombre. El sitio web puede contener enlaces de hipertexto que lleven a otros sitios de Internet totalmente independientes de este sitio web. Alba Patrimonio Inmobiliario S.A.U.  no ofrece ninguna garant\u00eda ni responder\u00e1 de ninguna forma por la precisi\u00f3n, insuficiencia o autenticidad de la informaci\u00f3n que facilite a trav\u00e9s de estos enlaces cualquier persona o entidad, f\u00edsica o jur\u00eddica, con o sin personalidad jur\u00eddica propia.<\/p>\n\n\n\n<p><strong>ENLACES EXTERNOS QUE DIRIGEN AL SITIO WEB<\/strong><\/p>\n\n\n\n<p>En caso de que cualquier otro sitio web, usuario o entidad, desee establecer un enlace con <a href=\"https:\/\/www.castellana42.com\">https:\/\/www.castellana42.com<\/a>, dicho enlace deber\u00e1 cumplir con las condiciones que se detallan a continuaci\u00f3n:<\/p>\n\n\n\n<p>El enlace dirigir\u00e1 al usuario a la p\u00e1gina de inicio o a una de las secciones de la p\u00e1gina de inicio. El enlace, en cualquier caso, debe ser completo e \u00edntegro y debe dirigir al usuario con un solo clic a la URL de la p\u00e1gina principal o a la URL de cualquier secci\u00f3n de la p\u00e1gina principal. El enlace debe contener la extensi\u00f3n completa de pantalla del portal.<\/p>\n\n\n\n<p>En ning\u00fan caso, salvo autorizaci\u00f3n expresa y por escrito de Alba Patrimonio Inmobiliario S.A.U., el sitio web que establezca el enlace podr\u00e1 reproducir de ninguna forma <a href=\"https:\/\/www.castellana42.com\">https:\/\/www.castellana42.com<\/a>, como si formara parte integral del sitio web de origen, utilizando marcaje, redireccionamiento o cualquier otra medida que implique ocultar el origen de la informaci\u00f3n.<\/p>\n\n\n\n<p>El establecimiento de un enlace a<a href=\"https:\/\/www.castellana42.com\"> https:\/\/www.castellana42.com<\/a> desde sitios web que muestren contenido ilegal, ofensivo u obsceno, contrario a la moralidad y al orden p\u00fablico no est\u00e1 autorizado.<\/p>\n\n\n\n<p>El servicio de acceso al sitio web incluye dispositivos de enlace t\u00e9cnico, directorios e incluso herramientas de b\u00fasqueda que permiten al usuario acceder a otros sitios web y portales de Internet (en adelante, los \u201cSitios enlazados\u201d).<\/p>\n\n\n\n<p>En estos casos, Alba Patrimonio Inmobiliario S.A.U. act\u00faa como proveedor de servicios electr\u00f3nicos intermediarios y \u00fanicamente ser\u00e1 responsable del contenido y los servicios proporcionados en los Sitios enlazados cuando, teniendo conocimiento efectivo de su ilegalidad, no hubiera desactivado el enlace con la debida diligencia. En caso de que el usuario considere que un Sitio enlazado incluye contenido ilegal o inapropiado, podr\u00e1 comunicarlo a Alba Patrimonio Inmobiliario S.A.U. mediante el env\u00edo de un correo electr\u00f3nico y dicha comunicaci\u00f3n conllevar\u00e1 incuestionablemente la obligaci\u00f3n de eliminar el enlace correspondiente.<\/p>\n\n\n\n<p>La existencia de Sitios enlazados no presupondr\u00e1 en ning\u00fan caso la existencia de ning\u00fan acuerdo con sus responsables o propietarios, ni la recomendaci\u00f3n, promoci\u00f3n ni identificaci\u00f3n de Alba Patrimonio Inmobiliario S.A.U. con respecto a las manifestaciones, los contenidos o los servicios prestados.<\/p>\n\n\n\n<p>Alba Patrimonio Inmobiliario S.A.U. desconoce el contenido y los servicios de los Sitios enlazados, por lo que no es responsable de los perjuicios que puedan derivarse de su ilegalidad, calidad, falta de actualizaci\u00f3n o de disponibilidad, errores e imposibilidad de utilizar el contenido y\/o los servicios de los Sitios enlazados ni de cualquier otro perjuicio no imputable directamente a Alba Patrimonio Inmobiliario S.A.U.<\/p>\n\n\n\n<h3 class=\"wp-block-heading\">EXCLUSI\u00d3N DE RESPONSABILIDAD<\/h3>\n\n\n\n<p>La responsabilidad del uso de este sitio web recae \u00fanica y exclusivamente en el usuario.<\/p>\n\n\n\n<p>Alba Patrimonio Inmobiliario S.A.U. no ser\u00e1 responsable en ning\u00fan caso de ning\u00fan tipo de da\u00f1os y perjuicios que puedan deberse a:<\/p>\n\n\n\n<ul class=\"wp-block-list\"><li>Falta de disponibilidad, mantenimiento y funcionamiento del sitio web o de sus servicios o contenidos, puesto que ello requiere de materiales y servicios de terceros..<\/li><li>Errores y omisiones en la informaci\u00f3n publicada o falta de usabilidad, adecuaci\u00f3n o validez del sitio web o de sus servicios o contenidos para las necesidades, actividades, resultados o expectativas espec\u00edficos de los usuarios.<\/li><\/ul>\n\n\n\n<p>El acceso al sitio web no implica obligaci\u00f3n alguna para Alba Patrimonio Inmobiliario S.A.U. de controlar la ausencia de virus u otros elementos inform\u00e1ticos perjudiciales. Es competencia del usuario, en cualquier caso, disponer de las herramientas adecuadas y utilizarlas para detectar y eliminar programas inform\u00e1ticos perjudiciales. Alba Patrimonio Inmobiliario S.A.U no es responsable de ning\u00fan da\u00f1o causado al equipo inform\u00e1tico de los usuarios ni de terceros durante el uso del sitio web.<\/p>\n\n\n\n<h3 class=\"wp-block-heading\">LEGISLACI\u00d3N APLICABLE Y JURISDICCI\u00d3N<\/h3>\n\n\n\n<p>El presente aviso legal se rige en cada una de sus disposiciones por el Reglamento General de Protecci\u00f3n de Datos de la Uni\u00f3n Europea, la Ley de Servicios de la Sociedad de la Informaci\u00f3n y de Comercio Electr\u00f3nico espa\u00f1ola y otras normas complementarias.<\/p>\n\n\n\n<p>Cualquier disputa derivada de las cuestiones relativas al sitio web se someter\u00e1 a la jurisdicci\u00f3n exclusiva de los tribunales de la ciudad de Madrid.<\/p>\n\n\n\n<h3 class=\"wp-block-heading\">ACTUALIZACI\u00d3N<\/h3>\n\n\n\n<p>La \u00faltima revisi\u00f3n del presente documento data de Abril de 2022.<\/p>\n","protected":false},"excerpt":{"rendered":"<p>Aviso legal En el presente documento se establecen las condiciones generales que rigen el acceso a este sitio web, la navegaci\u00f3n a trav\u00e9s del sitio web y el uso del contenido que ofrece. La informaci\u00f3n contenida en este sitio web se refiere a los servicios ofrecidos por Alba Patrimonio Inmobiliario S.A.U. Dicha informaci\u00f3n no constituye [&hellip;]<\/p>\n","protected":false},"author":1,"featured_media":0,"parent":0,"menu_order":0,"comment_status":"closed","ping_status":"closed","template":"elementor_header_footer","meta":{"site-sidebar-layout":"default","site-content-layout":"","ast-site-content-layout":"","site-content-style":"default","site-sidebar-style":"default","ast-global-header-display":"","ast-banner-title-visibility":"","ast-main-header-display":"","ast-hfb-above-header-display":"","ast-hfb-below-header-display":"","ast-hfb-mobile-header-display":"","site-post-title":"","ast-breadcrumbs-content":"","ast-featured-img":"","footer-sml-layout":"","theme-transparent-header-meta":"","adv-header-id-meta":"","stick-header-meta":"","header-above-stick-meta":"","header-main-stick-meta":"","header-below-stick-meta":"","astra-migrate-meta-layouts":"default","ast-page-background-enabled":"default","ast-page-background-meta":{"desktop":{"background-color":"var(--ast-global-color-4)","background-image":"","background-repeat":"repeat","background-position":"center center","background-size":"auto","background-attachment":"scroll","background-type":"","background-media":"","overlay-type":"","overlay-color":"","overlay-gradient":""},"tablet":{"background-color":"","background-image":"","background-repeat":"repeat","background-position":"center center","background-size":"auto","background-attachment":"scroll","background-type":"","background-media":"","overlay-type":"","overlay-color":"","overlay-gradient":""},"mobile":{"background-color":"","background-image":"","background-repeat":"repeat","background-position":"center center","background-size":"auto","background-attachment":"scroll","background-type":"","background-media":"","overlay-type":"","overlay-color":"","overlay-gradient":""}},"ast-content-background-meta":{"desktop":{"background-color":"var(--ast-global-color-5)","background-image":"","background-repeat":"repeat","background-position":"center center","background-size":"auto","background-attachment":"scroll","background-type":"","background-media":"","overlay-type":"","overlay-color":"","overlay-gradient":""},"tablet":{"background-color":"var(--ast-global-color-5)","background-image":"","background-repeat":"repeat","background-position":"center center","background-size":"auto","background-attachment":"scroll","background-type":"","background-media":"","overlay-type":"","overlay-color":"","overlay-gradient":""},"mobile":{"background-color":"var(--ast-global-color-5)","background-image":"","background-repeat":"repeat","background-position":"center center","background-size":"auto","background-attachment":"scroll","background-type":"","background-media":"","overlay-type":"","overlay-color":"","overlay-gradient":""}},"footnotes":""},"class_list":["post-450","page","type-page","status-publish","hentry"],"_links":{"self":[{"href":"https:\/\/www.castellana42.com\/index.php\/wp-json\/wp\/v2\/pages\/450","targetHints":{"allow":["GET"]}}],"collection":[{"href":"https:\/\/www.castellana42.com\/index.php\/wp-json\/wp\/v2\/pages"}],"about":[{"href":"https:\/\/www.castellana42.com\/index.php\/wp-json\/wp\/v2\/types\/page"}],"author":[{"embeddable":true,"href":"https:\/\/www.castellana42.com\/index.php\/wp-json\/wp\/v2\/users\/1"}],"replies":[{"embeddable":true,"href":"https:\/\/www.castellana42.com\/index.php\/wp-json\/wp\/v2\/comments?post=450"}],"version-history":[{"count":4,"href":"https:\/\/www.castellana42.com\/index.php\/wp-json\/wp\/v2\/pages\/450\/revisions"}],"predecessor-version":[{"id":680,"href":"https:\/\/www.castellana42.com\/index.php\/wp-json\/wp\/v2\/pages\/450\/revisions\/680"}],"wp:attachment":[{"href":"https:\/\/www.castellana42.com\/index.php\/wp-json\/wp\/v2\/media?parent=450"}],"curies":[{"name":"wp","href":"https:\/\/api.w.org\/{rel}","templated":true}]}}